{"id":6210,"date":"2017-04-18T12:24:28","date_gmt":"2017-04-18T10:24:28","guid":{"rendered":"https:\/\/smama.blog\/about-the-blog\/"},"modified":"2017-04-18T12:24:28","modified_gmt":"2017-04-18T10:24:28","slug":"about-the-blog","status":"publish","type":"page","link":"https:\/\/smama.blog\/en\/about-the-blog\/","title":{"rendered":"About the Blog:"},"content":{"rendered":"<p>Welcome to S-Mama Blog!<\/p>\n<p>I am Mima &#8211; <strong>S<\/strong>ofie&#8217;s Mom, ex-<strong>S<\/strong>tudent Mom, and <strong>S<\/strong>uper Mom. <!--more--><\/p>\n<p>The written word is my passion, and through this blog, it has found its way into the world.<\/p>\n<h3>Who is Mima?<\/h3>\n<p>A dreamer, book lover, lover of the seventh art, and a feminist.<\/p>\n<p>I came to Germany from Serbia ten years ago, drawn by love and studies.<\/p>\n<p>As for official titles (if anyone is even interested), I have a bachelor&#8217;s degree in journalism and a master&#8217;s degree in media studies.<\/p>\n<p><img decoding=\"async\" class=\"aligncenter wp-image-3115 size-full\" src=\"https:\/\/smama.blog\/wp-content\/uploads\/2020\/01\/dsc06051.jpg1_-scaled-e1647011760854.jpg\" alt=\"DSC06051.JPG1\" width=\"5184\" height=\"3888\"><\/p>\n<blockquote>\n<h2><em>Why S-Mama?<\/em><\/h2>\n<p><em>S<\/em> can signify many things, in my case, it primarily stands for <strong>S<\/strong>ofie&#8217;s Mom, <strong>S<\/strong>tudent Mom, and <strong>S<\/strong>uper Mom.<\/p><\/blockquote>\n<p>I am <strong>S-Mama<\/strong>, the main author of this blog, but I am not the only one who makes this blog come alive with their texts.<\/p>\n<p>There&#8217;s <a href=\"https:\/\/smama.blog\/en\/kategorija\/s-dad\/\"><strong>S-Dad<\/strong><\/a>, who provides a unique perspective from a father&#8217;s point of view, actively participating in family life.<\/p>\n<p>Let&#8217;s not forget the modest but important contribution of <a href=\"https:\/\/smama.blog\/kategorija\/s-tetana\/\"><strong>S-AuntAna<\/strong><\/a>, enriching the blog with fresh student experiences.<\/p>\n<h3>What topics does the blog cover?<\/h3>\n<p>Since the inception of the blog, things have changed.<\/p>\n<p>I have successfully completed my master&#8217;s studies, so the reference to <em>Student Mama<\/em> now becomes <em>ex-Student Mama<\/em>. That doesn&#8217;t mean I&#8217;ve exhausted all topics related to studying with a child or studying in Germany. Stay tuned&#8230;<\/p>\n<p>The blog was initially created with the idea of targeting <a href=\"https:\/\/smama.blog\/en\/kategorija\/student-mom\/\"><strong>young parents, especially students<\/strong><\/a>, to demonstrate through personal experience that <strong>it&#8217;s entirely possible to successfully study and build a family, even in a foreign country.<\/strong> <\/p>\n<p>As the blog grew, the target audience expanded, so those interested i<a href=\"https:\/\/smama.blog\/en\/kategorija\/myth-busting\/\"><strong>n living in Germany and the cultural differences<\/strong><\/a>, especially in child-rearing, between the Balkans and Germany, are welcome. Given the significant differences in child-rearing practices between the Balkans and the West, you might find it interesting to hear firsthand experiences f<em>rom someone living abroad.<\/em> \ud83d\ude42<\/p>\n<blockquote><p><strong>Being a parent is the most beautiful<\/strong> role in the world! But we are not <em>just<\/em> moms and <em>just<\/em> dads, are we?<strong><br \/>\n<\/strong><\/p><\/blockquote>\n<p>That&#8217;s precisely why <strong>there will be topics here that are not strictly related to children and parenting.<\/strong> <\/p>\n<p>As someone with expertise in media by education, the blog will also feature articles about books, movies, series, and other forms of media.<\/p>\n<p>S-Mama Blog is also a place where people gather to <strong><a href=\"https:\/\/smama.blog\/kategorija\/ljudi-koji-motivisu\/\">motivate others with their experiences<\/a><\/strong> and try to help, even if only through words.<\/p>\n<p>I can&#8217;t bypass the personal side, where the mom steps aside, and <a href=\"https:\/\/smama.blog\/en\/kategorija\/s-mima-en\/\"><strong>Mima emerges, who has a lot to say<\/strong><\/a>, especially when it comes t<strong>o women&#8217;s rights and their position in society.<\/strong><\/p>\n<blockquote>\n<h2>We&#8217;re here to break stereotypes of all kinds and learn together!<\/h2>\n<\/blockquote>\n<blockquote><p>This blog wouldn&#8217;t exist primarily if it weren&#8217;t for my daughter, Sofie, who is my greatest inspiration and motivation, and my husband, Marko, who provides me with immeasurable support and love.<\/p><\/blockquote>\n<p>Thank you for being here.<\/p>\n<p>Sincerely,<\/p>\n<p><em><a href=\"https:\/\/www.instagram.com\/smama_blog\/\">S-Mama<\/a><br \/>\n<\/em><\/p>\n","protected":false},"excerpt":{"rendered":"<p>Dies ist nur eine Kurzfassung der Seite&nbsp;\u201e\u00dcber\u201c.<\/p>\n","protected":false},"author":3,"featured_media":0,"parent":0,"menu_order":1,"comment_status":"closed","ping_status":"closed","template":"","meta":{"_acf_changed":false,"footnotes":""},"class_list":["post-6210","page","type-page","status-publish","hentry"],"acf":[],"yoast_head":"<!-- This site is optimized with the Yoast SEO plugin v26.2 - https:\/\/yoast.com\/wordpress\/plugins\/seo\/ -->\n<title>About the Blog: - S-Mama Blog<\/title>\n<meta name=\"description\" content=\"About the Blog: - I am Mima - Sofie&#039;s Mom, ex-Student Mom, and Super Mom. Blogger, dreamer, book lover and feminist.\" \/>\n<meta name=\"robots\" content=\"index, follow, max-snippet:-1, max-image-preview:large, max-video-preview:-1\" \/>\n<link rel=\"canonical\" href=\"https:\/\/smama.blog\/en\/about-the-blog\/\" \/>\n<meta property=\"og:locale\" content=\"en_US\" \/>\n<meta property=\"og:type\" content=\"article\" \/>\n<meta property=\"og:title\" content=\"About the Blog: - S-Mama Blog\" \/>\n<meta property=\"og:description\" content=\"About the Blog: - I am Mima - Sofie&#039;s Mom, ex-Student Mom, and Super Mom. Blogger, dreamer, book lover and feminist.\" \/>\n<meta property=\"og:url\" content=\"https:\/\/smama.blog\/en\/about-the-blog\/\" \/>\n<meta property=\"og:site_name\" content=\"S-Mama Blog\" \/>\n<meta property=\"article:publisher\" content=\"https:\/\/www.facebook.com\/s.mama.blog\" \/>\n<meta property=\"og:image\" content=\"https:\/\/smama.blog\/wp-content\/uploads\/2022\/03\/cropped-dsc06051.jpg1_.jpg\" \/>\n\t<meta property=\"og:image:width\" content=\"512\" \/>\n\t<meta property=\"og:image:height\" content=\"512\" \/>\n\t<meta property=\"og:image:type\" content=\"image\/jpeg\" \/>\n<meta name=\"twitter:card\" content=\"summary_large_image\" \/>\n<meta name=\"twitter:label1\" content=\"Est. reading time\" \/>\n\t<meta name=\"twitter:data1\" content=\"2 minutes\" \/>\n<script type=\"application\/ld+json\" class=\"yoast-schema-graph\">{\"@context\":\"https:\/\/schema.org\",\"@graph\":[{\"@type\":\"WebPage\",\"@id\":\"https:\/\/smama.blog\/en\/about-the-blog\/\",\"url\":\"https:\/\/smama.blog\/en\/about-the-blog\/\",\"name\":\"About the Blog: - S-Mama Blog\",\"isPartOf\":{\"@id\":\"https:\/\/smama.blog\/en\/#website\"},\"primaryImageOfPage\":{\"@id\":\"https:\/\/smama.blog\/en\/about-the-blog\/#primaryimage\"},\"image\":{\"@id\":\"https:\/\/smama.blog\/en\/about-the-blog\/#primaryimage\"},\"thumbnailUrl\":\"https:\/\/smama.blog\/wp-content\/uploads\/2020\/01\/dsc06051.jpg1_-scaled-e1647011760854.jpg\",\"datePublished\":\"2017-04-18T10:24:28+00:00\",\"description\":\"About the Blog: - I am Mima - Sofie's Mom, ex-Student Mom, and Super Mom. Blogger, dreamer, book lover and feminist.\",\"breadcrumb\":{\"@id\":\"https:\/\/smama.blog\/en\/about-the-blog\/#breadcrumb\"},\"inLanguage\":\"en-US\",\"potentialAction\":[{\"@type\":\"ReadAction\",\"target\":[\"https:\/\/smama.blog\/en\/about-the-blog\/\"]}]},{\"@type\":\"ImageObject\",\"inLanguage\":\"en-US\",\"@id\":\"https:\/\/smama.blog\/en\/about-the-blog\/#primaryimage\",\"url\":\"https:\/\/smama.blog\/wp-content\/uploads\/2020\/01\/dsc06051.jpg1_-scaled-e1647011760854.jpg\",\"contentUrl\":\"https:\/\/smama.blog\/wp-content\/uploads\/2020\/01\/dsc06051.jpg1_-scaled-e1647011760854.jpg\"},{\"@type\":\"BreadcrumbList\",\"@id\":\"https:\/\/smama.blog\/en\/about-the-blog\/#breadcrumb\",\"itemListElement\":[{\"@type\":\"ListItem\",\"position\":1,\"name\":\"Po\u010detna\",\"item\":\"https:\/\/smama.blog\/en\/\"},{\"@type\":\"ListItem\",\"position\":2,\"name\":\"About the Blog:\"}]},{\"@type\":\"WebSite\",\"@id\":\"https:\/\/smama.blog\/en\/#website\",\"url\":\"https:\/\/smama.blog\/en\/\",\"name\":\"S-Mama Blog\",\"description\":\"Sofkina Mama, Student Mama, Super Mama\",\"publisher\":{\"@id\":\"https:\/\/smama.blog\/en\/#\/schema\/person\/485ee2e31538640f05d28c6b89c8d501\"},\"potentialAction\":[{\"@type\":\"SearchAction\",\"target\":{\"@type\":\"EntryPoint\",\"urlTemplate\":\"https:\/\/smama.blog\/en\/?s={search_term_string}\"},\"query-input\":{\"@type\":\"PropertyValueSpecification\",\"valueRequired\":true,\"valueName\":\"search_term_string\"}}],\"inLanguage\":\"en-US\"},{\"@type\":[\"Person\",\"Organization\"],\"@id\":\"https:\/\/smama.blog\/en\/#\/schema\/person\/485ee2e31538640f05d28c6b89c8d501\",\"name\":\"S-Mama\",\"image\":{\"@type\":\"ImageObject\",\"inLanguage\":\"en-US\",\"@id\":\"https:\/\/smama.blog\/en\/#\/schema\/person\/image\/\",\"url\":\"https:\/\/smama.blog\/wp-content\/uploads\/2021\/07\/wp-1626681547551.jpg\",\"contentUrl\":\"https:\/\/smama.blog\/wp-content\/uploads\/2021\/07\/wp-1626681547551.jpg\",\"width\":1600,\"height\":1066,\"caption\":\"S-Mama\"},\"logo\":{\"@id\":\"https:\/\/smama.blog\/en\/#\/schema\/person\/image\/\"},\"description\":\"\u0106ao, ja sam Mima - Sofiina Mama, exStudent Mama i Super Mama, pisac, feministkinja i sanjar. Neki bi rekli i ve\u0161tica, a ja ka\u017eem \u2013 re\u010di su moja magija.\",\"sameAs\":[\"http:\/\/smama.blog\",\"https:\/\/www.facebook.com\/s.mama.blog\",\"https:\/\/www.instagram.com\/smama_blog\/\"]}]}<\/script>\n<!-- \/ Yoast SEO plugin. -->","yoast_head_json":{"title":"About the Blog: - S-Mama Blog","description":"About the Blog: - I am Mima - Sofie's Mom, ex-Student Mom, and Super Mom. Blogger, dreamer, book lover and feminist.","robots":{"index":"index","follow":"follow","max-snippet":"max-snippet:-1","max-image-preview":"max-image-preview:large","max-video-preview":"max-video-preview:-1"},"canonical":"https:\/\/smama.blog\/en\/about-the-blog\/","og_locale":"en_US","og_type":"article","og_title":"About the Blog: - S-Mama Blog","og_description":"About the Blog: - I am Mima - Sofie's Mom, ex-Student Mom, and Super Mom. Blogger, dreamer, book lover and feminist.","og_url":"https:\/\/smama.blog\/en\/about-the-blog\/","og_site_name":"S-Mama Blog","article_publisher":"https:\/\/www.facebook.com\/s.mama.blog","og_image":[{"width":512,"height":512,"url":"https:\/\/smama.blog\/wp-content\/uploads\/2022\/03\/cropped-dsc06051.jpg1_.jpg","type":"image\/jpeg"}],"twitter_card":"summary_large_image","twitter_misc":{"Est. reading time":"2 minutes"},"schema":{"@context":"https:\/\/schema.org","@graph":[{"@type":"WebPage","@id":"https:\/\/smama.blog\/en\/about-the-blog\/","url":"https:\/\/smama.blog\/en\/about-the-blog\/","name":"About the Blog: - S-Mama Blog","isPartOf":{"@id":"https:\/\/smama.blog\/en\/#website"},"primaryImageOfPage":{"@id":"https:\/\/smama.blog\/en\/about-the-blog\/#primaryimage"},"image":{"@id":"https:\/\/smama.blog\/en\/about-the-blog\/#primaryimage"},"thumbnailUrl":"https:\/\/smama.blog\/wp-content\/uploads\/2020\/01\/dsc06051.jpg1_-scaled-e1647011760854.jpg","datePublished":"2017-04-18T10:24:28+00:00","description":"About the Blog: - I am Mima - Sofie's Mom, ex-Student Mom, and Super Mom. Blogger, dreamer, book lover and feminist.","breadcrumb":{"@id":"https:\/\/smama.blog\/en\/about-the-blog\/#breadcrumb"},"inLanguage":"en-US","potentialAction":[{"@type":"ReadAction","target":["https:\/\/smama.blog\/en\/about-the-blog\/"]}]},{"@type":"ImageObject","inLanguage":"en-US","@id":"https:\/\/smama.blog\/en\/about-the-blog\/#primaryimage","url":"https:\/\/smama.blog\/wp-content\/uploads\/2020\/01\/dsc06051.jpg1_-scaled-e1647011760854.jpg","contentUrl":"https:\/\/smama.blog\/wp-content\/uploads\/2020\/01\/dsc06051.jpg1_-scaled-e1647011760854.jpg"},{"@type":"BreadcrumbList","@id":"https:\/\/smama.blog\/en\/about-the-blog\/#breadcrumb","itemListElement":[{"@type":"ListItem","position":1,"name":"Po\u010detna","item":"https:\/\/smama.blog\/en\/"},{"@type":"ListItem","position":2,"name":"About the Blog:"}]},{"@type":"WebSite","@id":"https:\/\/smama.blog\/en\/#website","url":"https:\/\/smama.blog\/en\/","name":"S-Mama Blog","description":"Sofkina Mama, Student Mama, Super Mama","publisher":{"@id":"https:\/\/smama.blog\/en\/#\/schema\/person\/485ee2e31538640f05d28c6b89c8d501"},"potentialAction":[{"@type":"SearchAction","target":{"@type":"EntryPoint","urlTemplate":"https:\/\/smama.blog\/en\/?s={search_term_string}"},"query-input":{"@type":"PropertyValueSpecification","valueRequired":true,"valueName":"search_term_string"}}],"inLanguage":"en-US"},{"@type":["Person","Organization"],"@id":"https:\/\/smama.blog\/en\/#\/schema\/person\/485ee2e31538640f05d28c6b89c8d501","name":"S-Mama","image":{"@type":"ImageObject","inLanguage":"en-US","@id":"https:\/\/smama.blog\/en\/#\/schema\/person\/image\/","url":"https:\/\/smama.blog\/wp-content\/uploads\/2021\/07\/wp-1626681547551.jpg","contentUrl":"https:\/\/smama.blog\/wp-content\/uploads\/2021\/07\/wp-1626681547551.jpg","width":1600,"height":1066,"caption":"S-Mama"},"logo":{"@id":"https:\/\/smama.blog\/en\/#\/schema\/person\/image\/"},"description":"\u0106ao, ja sam Mima - Sofiina Mama, exStudent Mama i Super Mama, pisac, feministkinja i sanjar. Neki bi rekli i ve\u0161tica, a ja ka\u017eem \u2013 re\u010di su moja magija.","sameAs":["http:\/\/smama.blog","https:\/\/www.facebook.com\/s.mama.blog","https:\/\/www.instagram.com\/smama_blog\/"]}]}},"_links":{"self":[{"href":"https:\/\/smama.blog\/en\/wp-json\/wp\/v2\/pages\/6210","targetHints":{"allow":["GET"]}}],"collection":[{"href":"https:\/\/smama.blog\/en\/wp-json\/wp\/v2\/pages"}],"about":[{"href":"https:\/\/smama.blog\/en\/wp-json\/wp\/v2\/types\/page"}],"author":[{"embeddable":true,"href":"https:\/\/smama.blog\/en\/wp-json\/wp\/v2\/users\/3"}],"replies":[{"embeddable":true,"href":"https:\/\/smama.blog\/en\/wp-json\/wp\/v2\/comments?post=6210"}],"version-history":[{"count":0,"href":"https:\/\/smama.blog\/en\/wp-json\/wp\/v2\/pages\/6210\/revisions"}],"wp:attachment":[{"href":"https:\/\/smama.blog\/en\/wp-json\/wp\/v2\/media?parent=6210"}],"curies":[{"name":"wp","href":"https:\/\/api.w.org\/{rel}","templated":true}]}}